{"id":5275,"date":"2014-05-24T13:51:08","date_gmt":"2014-05-24T13:51:08","guid":{"rendered":"http:\/\/wpresidence.net\/?page_id=9"},"modified":"2023-05-27T07:58:52","modified_gmt":"2023-05-27T07:58:52","slug":"terms-of-user","status":"publish","type":"page","link":"https:\/\/alquila-piso.es\/pt\/termos-de-utilizador\/","title":{"rendered":"Termos de utiliza\u00e7\u00e3o"},"content":{"rendered":"<p>Esta Pol\u00edtica de Privacidade rege a forma como a Real Estate WordPress Theme recolhe, utiliza, mant\u00e9m e divulga as informa\u00e7\u00f5es recolhidas dos utilizadores (cada um, um \"Utilizador\") do site (\"Site\"). Esta pol\u00edtica de privacidade aplica-se ao Site e a todos os produtos e servi\u00e7os oferecidos pela Real Estate WordPress Theme.<\/p>\n<p><b>Informa\u00e7\u00f5es de identifica\u00e7\u00e3o pessoal<\/b><\/p>\n<p>Podemos recolher informa\u00e7\u00f5es de identifica\u00e7\u00e3o pessoal dos Utilizadores de v\u00e1rias formas relacionadas com actividades, servi\u00e7os, funcionalidades ou recursos que disponibilizamos no nosso Site.... Os utilizadores podem visitar o nosso Site de forma an\u00f3nima. S\u00f3 recolheremos informa\u00e7\u00f5es de identifica\u00e7\u00e3o pessoal dos Utilizadores se estes nos fornecerem voluntariamente essas informa\u00e7\u00f5es. Os Utilizadores podem sempre recusar-se a fornecer informa\u00e7\u00f5es de identifica\u00e7\u00e3o pessoal, exceto se isso os impedir de participar em determinadas actividades relacionadas com o S\u00edtio.<\/p>\n<p><b>Informa\u00e7\u00f5es de identifica\u00e7\u00e3o n\u00e3o pessoais<\/b><\/p>\n<p>Podemos recolher informa\u00e7\u00f5es de identifica\u00e7\u00e3o n\u00e3o pessoais sobre os Utilizadores sempre que estes interagem com o nosso Site. As informa\u00e7\u00f5es de identifica\u00e7\u00e3o n\u00e3o pessoais podem incluir o nome do browser, o tipo de computador e informa\u00e7\u00f5es t\u00e9cnicas sobre os meios de liga\u00e7\u00e3o dos Utilizadores ao nosso Site, tais como o sistema operativo e os fornecedores de servi\u00e7os de Internet utilizados e outras informa\u00e7\u00f5es semelhantes.<\/p>\n<p><b>Cookies do navegador Web<\/b><\/p>\n<p>O nosso site pode utilizar \"cookies\" para melhorar a experi\u00eancia do utilizador. O browser do Utilizador coloca cookies no seu disco r\u00edgido para fins de manuten\u00e7\u00e3o de registos e, por vezes, para rastrear informa\u00e7\u00f5es sobre ele. O Utilizador pode optar por configurar o seu navegador Web para recusar cookies ou para o alertar quando os cookies est\u00e3o a ser enviados. Se o fizer, tenha em aten\u00e7\u00e3o que algumas partes do S\u00edtio podem n\u00e3o funcionar corretamente.<\/p>\n<p><b>Como protegemos as suas informa\u00e7\u00f5es<\/b><\/p>\n<p>Adoptamos pr\u00e1ticas adequadas de recolha, armazenamento e processamento de dados e medidas de seguran\u00e7a para proteger contra o acesso n\u00e3o autorizado, a altera\u00e7\u00e3o, a divulga\u00e7\u00e3o ou a destrui\u00e7\u00e3o das suas informa\u00e7\u00f5es pessoais, nome de utilizador, palavra-passe, informa\u00e7\u00f5es sobre transac\u00e7\u00f5es e dados armazenados no nosso Site.<\/p>\n<p><b>Partilhar as suas informa\u00e7\u00f5es pessoais<\/b><\/p>\n<p>N\u00e3o vendemos, trocamos ou alugamos informa\u00e7\u00f5es de identifica\u00e7\u00e3o pessoal dos utilizadores a terceiros. Podemos partilhar informa\u00e7\u00f5es demogr\u00e1ficas gen\u00e9ricas agregadas n\u00e3o associadas a quaisquer informa\u00e7\u00f5es de identifica\u00e7\u00e3o pessoal relativas a visitantes e utilizadores com os nossos parceiros comerciais, afiliados de confian\u00e7a e anunciantes para os fins acima descritos.<\/p>\n<p><b>Altera\u00e7\u00f5es a esta pol\u00edtica de privacidade<\/b><\/p>\n<p>O Real Estate WordPress Theme tem o poder de atualizar esta pol\u00edtica de privacidade a qualquer momento. Quando o fizermos, indicaremos a data de atualiza\u00e7\u00e3o no final desta p\u00e1gina. Aconselhamos os Utilizadores a verificarem frequentemente esta p\u00e1gina para se manterem informados sobre a forma como estamos a ajudar a proteger as informa\u00e7\u00f5es pessoais que recolhemos. Reconhece e concorda que \u00e9 da sua responsabilidade rever periodicamente esta pol\u00edtica de privacidade e tomar conhecimento das altera\u00e7\u00f5es.<\/p>\n<p><b>A sua aceita\u00e7\u00e3o das presentes condi\u00e7\u00f5es<\/b><\/p>\n<p>Ao utilizar este S\u00edtio, est\u00e1 a manifestar a sua aceita\u00e7\u00e3o desta pol\u00edtica. Se n\u00e3o concordar com esta pol\u00edtica, n\u00e3o utilize o nosso S\u00edtio. A sua utiliza\u00e7\u00e3o continuada do S\u00edtio ap\u00f3s a publica\u00e7\u00e3o de altera\u00e7\u00f5es a esta pol\u00edtica ser\u00e1 considerada como a sua aceita\u00e7\u00e3o dessas altera\u00e7\u00f5es.<\/p>","protected":false},"excerpt":{"rendered":"<p>This Privacy Policy governs the manner in which Real Estate WordPress Theme collects, uses, maintains and discloses information collected from users (each, a \u00abUser\u00bb) of the\u00a0website (\u00abSite\u00bb). This privacy policy applies to the Site and all products and services offered by Real Estate WordPress Theme. Personal identification information We may collect personal identification information from [&hellip;]<\/p>\n","protected":false},"author":1,"featured_media":0,"parent":0,"menu_order":0,"comment_status":"closed","ping_status":"closed","template":"terms_conditions.php","meta":{"footnotes":""},"class_list":["post-5275","page","type-page","status-publish","hentry"],"_links":{"self":[{"href":"https:\/\/alquila-piso.es\/pt\/wp-json\/wp\/v2\/pages\/5275","targetHints":{"allow":["GET"]}}],"collection":[{"href":"https:\/\/alquila-piso.es\/pt\/wp-json\/wp\/v2\/pages"}],"about":[{"href":"https:\/\/alquila-piso.es\/pt\/wp-json\/wp\/v2\/types\/page"}],"author":[{"embeddable":true,"href":"https:\/\/alquila-piso.es\/pt\/wp-json\/wp\/v2\/users\/1"}],"replies":[{"embeddable":true,"href":"https:\/\/alquila-piso.es\/pt\/wp-json\/wp\/v2\/comments?post=5275"}],"version-history":[{"count":1,"href":"https:\/\/alquila-piso.es\/pt\/wp-json\/wp\/v2\/pages\/5275\/revisions"}],"predecessor-version":[{"id":20009,"href":"https:\/\/alquila-piso.es\/pt\/wp-json\/wp\/v2\/pages\/5275\/revisions\/20009"}],"wp:attachment":[{"href":"https:\/\/alquila-piso.es\/pt\/wp-json\/wp\/v2\/media?parent=5275"}],"curies":[{"name":"wp","href":"https:\/\/api.w.org\/{rel}","templated":true}]}}