{"id":5707,"date":"2015-02-19T09:48:19","date_gmt":"2015-02-19T09:48:19","guid":{"rendered":"http:\/\/demo2.wpresidence.net\/?page_id=5707"},"modified":"2024-01-13T09:37:48","modified_gmt":"2024-01-13T09:37:48","slug":"contacto","status":"publish","type":"page","link":"https:\/\/alquila-piso.es\/en\/contact\/","title":{"rendered":"Contact"},"content":{"rendered":"<p>&nbsp;<\/p>\r\n<p>\u00danete a la gran familia Alquila-piso.es<br \/>Escribe tu propia historia dentro de una compa\u00f1\u00eda l\u00edder en el sector inmobiliario.<\/p>\r\n\r\n<p>&nbsp;<\/p>\r\n\r\n<div class=\"wp-block-spacer\" style=\"height: 20px;\" aria-hidden=\"true\">\u00a0<\/div>\r\n\r\n<p>Ya sea que est\u00e9 buscando una propiedad en venta en Espa\u00f1a o una propiedad en <a class=\"wpil_keyword_link\" title=\"alquiler\" href=\"https:\/\/alquila-piso.es\/es_es\/property-submit-front\/\" data-wpil-keyword-link=\"linked\">alquiler<\/a>, Alquila-piso.es facilita la b\u00fasqueda. Ofrecemos a nuestros clientes una gran cantidad de conocimientos sobre todos los aspectos de la compra o venta de una vivienda.<\/p>\r\n\r\n<p>&nbsp;<\/p>\r\n\r\n<div class=\"wp-block-spacer\" style=\"height: 20px;\" aria-hidden=\"true\">\u00a0<\/div>\r\n\r\n<p>No dude en contactarnos para cualquier pregunta o cuestion<\/p>\r\n<p>[contact-form-7 id=\u00bbf094ee1&#8243; title=\u00bbFormulario de contacto 1&#8243;]<\/p>\r\n\r\n<p>&nbsp;<\/p>\r\n<p>&nbsp;<\/p>","protected":false},"excerpt":{"rendered":"<p>&nbsp; \u00danete a la gran familia Alquila-piso.esEscribe tu propia historia dentro de una compa\u00f1\u00eda l\u00edder en el sector inmobiliario. &nbsp; Ya sea que est\u00e9 buscando una propiedad en venta en Espa\u00f1a o una propiedad en alquiler, Alquila-piso.es facilita la b\u00fasqueda. Ofrecemos a nuestros clientes una gran cantidad de conocimientos sobre todos los aspectos de la [&hellip;]<\/p>\n","protected":false},"author":1,"featured_media":0,"parent":0,"menu_order":0,"comment_status":"open","ping_status":"open","template":"","meta":{"footnotes":""},"class_list":["post-5707","page","type-page","status-publish","hentry"],"_links":{"self":[{"href":"https:\/\/alquila-piso.es\/en\/wp-json\/wp\/v2\/pages\/5707","targetHints":{"allow":["GET"]}}],"collection":[{"href":"https:\/\/alquila-piso.es\/en\/wp-json\/wp\/v2\/pages"}],"about":[{"href":"https:\/\/alquila-piso.es\/en\/wp-json\/wp\/v2\/types\/page"}],"author":[{"embeddable":true,"href":"https:\/\/alquila-piso.es\/en\/wp-json\/wp\/v2\/users\/1"}],"replies":[{"embeddable":true,"href":"https:\/\/alquila-piso.es\/en\/wp-json\/wp\/v2\/comments?post=5707"}],"version-history":[{"count":4,"href":"https:\/\/alquila-piso.es\/en\/wp-json\/wp\/v2\/pages\/5707\/revisions"}],"predecessor-version":[{"id":23652,"href":"https:\/\/alquila-piso.es\/en\/wp-json\/wp\/v2\/pages\/5707\/revisions\/23652"}],"wp:attachment":[{"href":"https:\/\/alquila-piso.es\/en\/wp-json\/wp\/v2\/media?parent=5707"}],"curies":[{"name":"wp","href":"https:\/\/api.w.org\/{rel}","templated":true}]}}